{"id":13,"date":"2010-09-05T06:17:58","date_gmt":"2010-09-05T06:17:58","guid":{"rendered":"http:\/\/www.schaefer-immobilien-berlin.de\/Neu\/?page_id=13"},"modified":"2020-12-08T18:22:44","modified_gmt":"2020-12-08T16:22:44","slug":"wir-uber-uns","status":"publish","type":"page","link":"https:\/\/www.schaeferimmo.com\/?page_id=13","title":{"rendered":"Wir \u00fcber uns"},"content":{"rendered":"\n<div class=\"wp-block-image\"><figure class=\"aligncenter is-resized\"><img loading=\"lazy\" decoding=\"async\" src=\"http:\/\/www.schaeferimmo.com\/wp-content\/uploads\/2019\/10\/Schaefer-1-604x1024.png\" alt=\"\" class=\"wp-image-1552\" width=\"585\" height=\"482\" srcset=\"https:\/\/www.schaeferimmo.com\/wp-content\/uploads\/2019\/10\/Schaefer-1-604x1024.png 604w, https:\/\/www.schaeferimmo.com\/wp-content\/uploads\/2019\/10\/Schaefer-1-604x1024-300x247.png 300w\" sizes=\"auto, (max-width: 585px) 100vw, 585px\" \/><\/figure><\/div>\n\n\n<p style=\"text-align: center;\"><strong>Welches Unternehmen ist das richtige f\u00fcr meine Immobilie?<\/strong><\/p>\n<p style=\"text-align: center;\">Bei der Beantwortung dieser Frage und der konkreten Beauftragung eines Maklers sollte die Entscheidungsgrundlage immer ein solides gegenseitiges Vertrauensverh\u00e4ltnis sein.<\/p>\n<p style=\"text-align: center;\">F\u00fcr den Verk\u00e4ufer ist wichtig, dass man sich auf die Seriosit\u00e4t seines Maklers verlassen kann. Dass dieser m\u00f6glichst schnell den passenden K\u00e4ufer findet und durch seine professionelle Arbeit den besten Preis erzielt.<\/p>\n<p style=\"text-align: center;\">Nat\u00fcrlich versprechen Ihnen das alle Makler. Doch wie k\u00f6nnen Sie als Verk\u00e4ufer die Nachhaltigkeit der gegebenen Versprechen pr\u00fcfen?<\/p>\n<p><img loading=\"lazy\" decoding=\"async\" class=\"aligncenter wp-image-1516\" src=\"http:\/\/www.schaeferimmo.com\/wp-content\/uploads\/2010\/09\/Fotolia_99790442_S1111-1.jpg\" alt=\"Businesswoman with small house by a desk.\" width=\"700\" height=\"467\" srcset=\"https:\/\/www.schaeferimmo.com\/wp-content\/uploads\/2010\/09\/Fotolia_99790442_S1111-1.jpg 848w, https:\/\/www.schaeferimmo.com\/wp-content\/uploads\/2010\/09\/Fotolia_99790442_S1111-1-300x200.jpg 300w, https:\/\/www.schaeferimmo.com\/wp-content\/uploads\/2010\/09\/Fotolia_99790442_S1111-1-768x513.jpg 768w\" sizes=\"auto, (max-width: 700px) 100vw, 700px\" \/><\/p>\n<p style=\"text-align: center;\">F\u00fcr uns sind Transparenz und Offenheit die Basis f\u00fcr eine vertrauensvolle Zusammenarbeit, mit der wir Sie als Verk\u00e4ufer an allen unseren Verkaufsaktivit\u00e4ten teilhaben lassen. Nichts geschieht ohne Ihr Wissen.<\/p>\n<p style=\"text-align: center;\"><img loading=\"lazy\" decoding=\"async\" class=\"aligncenter wp-image-1465\" src=\"http:\/\/www.schaeferimmo.com\/wp-content\/uploads\/2011\/02\/Fotolia_99429576_S-300x182.jpg\" alt=\"Unser Service\" width=\"510\" height=\"309\" srcset=\"https:\/\/www.schaeferimmo.com\/wp-content\/uploads\/2011\/02\/Fotolia_99429576_S-300x182.jpg 300w, https:\/\/www.schaeferimmo.com\/wp-content\/uploads\/2011\/02\/Fotolia_99429576_S-768x465.jpg 768w, https:\/\/www.schaeferimmo.com\/wp-content\/uploads\/2011\/02\/Fotolia_99429576_S.jpg 890w\" sizes=\"auto, (max-width: 510px) 100vw, 510px\" \/><\/p>\n<p style=\"text-align: center;\">Profitieren sie von unseren vielseitigen Leistungen:<\/p>\n<p style=\"text-align: center;\"><img loading=\"lazy\" decoding=\"async\" class=\"aligncenter size-full wp-image-426\" title=\"T\u00e4tigkeit\" src=\"http:\/\/www.schaeferimmo.com\/wp-content\/uploads\/2010\/09\/T\u00e4tigkeit1.jpg\" alt=\"\" width=\"510\" height=\"295\" srcset=\"https:\/\/www.schaeferimmo.com\/wp-content\/uploads\/2010\/09\/T\u00e4tigkeit1.jpg 510w, https:\/\/www.schaeferimmo.com\/wp-content\/uploads\/2010\/09\/T\u00e4tigkeit1-300x173.jpg 300w\" sizes=\"auto, (max-width: 510px) 100vw, 510px\" \/><\/p>\n<p style=\"text-align: center;\">Machen Sie sich auf den n\u00e4chsten Seiten Ihr eigenes Bild von uns und dem, was wir Ihnen bieten k\u00f6nnen \u2013 damit wir m\u00f6glichst auch der Makler Ihres Vertrauens werden.<\/p>\n<p style=\"text-align: center;\">Ich arbeite seit 2001 im Bereich Immobilien und Finanzierung als selbst\u00e4ndiger Immobiliemakler und Dienstleister mit verschiedenen Immobilienfirmen zusammen. Ich selber bin seit 2006 allein aktiv. Durch stetige Weiterempfehlungen konnte ich in ganz Berlin und Brandenburg t\u00e4tig werden. F\u00fcr Finanzierungen haben wir hauseigene Finanzierungsspezialisten, die uns als zuverl\u00e4ssige und starke Partner zur Seite stehen. Wir hoffen, das wir auch ihnen in Zukunft gute Dienste erweisen k\u00f6nnen.<\/p>\n<p style=\"text-align: center;\">Egal ob Neubau, Grundst\u00fcckssuche, Finanzierung, Vermietung oder Verkauf &#8230;..<br \/><span style=\"text-decoration: underline;\">Schaefer Immobilien<\/span> ist der richtige Partner daf\u00fcr.<\/p>\n<p style=\"text-align: center;\"><span style=\"text-decoration: underline;\">Wir halten uns mit Schulungen immer auf dem neusten rechtlichen Stand<\/span><\/p>\n<p style=\"text-align: center;\"><img loading=\"lazy\" decoding=\"async\" class=\"aligncenter size-full wp-image-1256\" title=\"Stempel EIA\" src=\"http:\/\/www.schaeferimmo.com\/wp-content\/uploads\/2010\/09\/Stempel2.png\" alt=\"\" width=\"369\" height=\"245\" srcset=\"https:\/\/www.schaeferimmo.com\/wp-content\/uploads\/2010\/09\/Stempel2.png 369w, https:\/\/www.schaeferimmo.com\/wp-content\/uploads\/2010\/09\/Stempel2-300x199.png 300w\" sizes=\"auto, (max-width: 369px) 100vw, 369px\" \/><\/p>\n<p>\u00a0<\/p>\n<p style=\"text-align: center;\">Herzlichst, Ihr<\/p>\n<p style=\"text-align: center;\"><img loading=\"lazy\" decoding=\"async\" class=\"aligncenter size-full wp-image-1110\" title=\"logo \" src=\"http:\/\/www.schaeferimmo.com\/wp-content\/uploads\/2010\/09\/logo-2.png\" alt=\"\" width=\"597\" height=\"380\" srcset=\"https:\/\/www.schaeferimmo.com\/wp-content\/uploads\/2010\/09\/logo-2.png 597w, https:\/\/www.schaeferimmo.com\/wp-content\/uploads\/2010\/09\/logo-2-300x190.png 300w\" sizes=\"auto, (max-width: 597px) 100vw, 597px\" \/><\/p>\n<p style=\"text-align: center;\"><br \/><br \/><\/p>\n<p style=\"text-align: center;\">\u00a0<\/p>\n<p style=\"text-align: center;\">\u00a0<\/p>","protected":false},"excerpt":{"rendered":"<p>Welches Unternehmen ist das richtige f\u00fcr meine Immobilie? Bei der Beantwortung dieser Frage und der konkreten Beauftragung eines Maklers sollte die Entscheidungsgrundlage immer ein solides gegenseitiges Vertrauensverh\u00e4ltnis sein. F\u00fcr den Verk\u00e4ufer ist wichtig, dass man sich auf die Seriosit\u00e4t seines Maklers verlassen kann. Dass dieser m\u00f6glichst schnell den passenden K\u00e4ufer findet und durch seine professionelle [&hellip;]<\/p>\n","protected":false},"author":1,"featured_media":0,"parent":0,"menu_order":0,"comment_status":"closed","ping_status":"open","template":"","meta":{"footnotes":""},"class_list":["post-13","page","type-page","status-publish","hentry"],"_links":{"self":[{"href":"https:\/\/www.schaeferimmo.com\/index.php?rest_route=\/wp\/v2\/pages\/13","targetHints":{"allow":["GET"]}}],"collection":[{"href":"https:\/\/www.schaeferimmo.com\/index.php?rest_route=\/wp\/v2\/pages"}],"about":[{"href":"https:\/\/www.schaeferimmo.com\/index.php?rest_route=\/wp\/v2\/types\/page"}],"author":[{"embeddable":true,"href":"https:\/\/www.schaeferimmo.com\/index.php?rest_route=\/wp\/v2\/users\/1"}],"replies":[{"embeddable":true,"href":"https:\/\/www.schaeferimmo.com\/index.php?rest_route=%2Fwp%2Fv2%2Fcomments&post=13"}],"version-history":[{"count":57,"href":"https:\/\/www.schaeferimmo.com\/index.php?rest_route=\/wp\/v2\/pages\/13\/revisions"}],"predecessor-version":[{"id":1576,"href":"https:\/\/www.schaeferimmo.com\/index.php?rest_route=\/wp\/v2\/pages\/13\/revisions\/1576"}],"wp:attachment":[{"href":"https:\/\/www.schaeferimmo.com\/index.php?rest_route=%2Fwp%2Fv2%2Fmedia&parent=13"}],"curies":[{"name":"wp","href":"https:\/\/api.w.org\/{rel}","templated":true}]}}