{"id":31,"date":"2011-01-20T11:37:54","date_gmt":"2011-01-20T11:37:54","guid":{"rendered":"http:\/\/www.schaeferimmo.com\/Neu\/?page_id=31"},"modified":"2024-03-30T14:47:14","modified_gmt":"2024-03-30T12:47:14","slug":"home","status":"publish","type":"page","link":"https:\/\/www.schaeferimmo.com\/","title":{"rendered":"Home"},"content":{"rendered":"<p style=\"text-align: center;\"><img loading=\"lazy\" decoding=\"async\" class=\"wp-image-1523 aligncenter\" style=\"text-align: center;\" src=\"http:\/\/www.schaeferimmo.com\/wp-content\/uploads\/2011\/01\/Schaefer-1-177x300.jpg\" alt=\"\" width=\"240\" height=\"407\" srcset=\"https:\/\/www.schaeferimmo.com\/wp-content\/uploads\/2011\/01\/Schaefer-1-177x300.jpg 177w, https:\/\/www.schaeferimmo.com\/wp-content\/uploads\/2011\/01\/Schaefer-1-768x1303.jpg 768w, https:\/\/www.schaeferimmo.com\/wp-content\/uploads\/2011\/01\/Schaefer-1-604x1024.jpg 604w, https:\/\/www.schaeferimmo.com\/wp-content\/uploads\/2011\/01\/Schaefer-1.jpg 1044w\" sizes=\"auto, (max-width: 240px) 100vw, 240px\" \/><\/p>\n<p style=\"text-align: center;\"><em><strong>Benjamin Schaefer<\/strong><\/em><\/p>\n<p style=\"text-align: center;\">Schaefer Immobilien &#8211; bei mir ist Immobilienkompetenz zu Hause<\/p>\n<p style=\"text-align: center;\">Unsere Mitarbeiter in der Zweigstelle in Berlin bei Kapitalanlagen24.Berlin k\u00fcmmern sich um Anleger und Privatverk\u00e4ufer. Hier sind Sie gut aufgehoben.<\/p>\n<p style=\"text-align: center;\">&#8211; wir finden f\u00fcr Sie das beste Anlage\\Renditeobjekt &#8211;<\/p>\n<p style=\"text-align: center;\"><a href=\"http:\/\/www.schaeferimmo.com\/wp-content\/uploads\/2023\/04\/ilya-1024x597-1.jpg\"><img loading=\"lazy\" decoding=\"async\" class=\"aligncenter wp-image-1635\" src=\"http:\/\/www.schaeferimmo.com\/wp-content\/uploads\/2023\/04\/ilya-1024x597-1.jpg\" alt=\"\" width=\"666\" height=\"388\" srcset=\"https:\/\/www.schaeferimmo.com\/wp-content\/uploads\/2023\/04\/ilya-1024x597-1.jpg 1024w, https:\/\/www.schaeferimmo.com\/wp-content\/uploads\/2023\/04\/ilya-1024x597-1-300x175.jpg 300w, https:\/\/www.schaeferimmo.com\/wp-content\/uploads\/2023\/04\/ilya-1024x597-1-768x448.jpg 768w\" sizes=\"auto, (max-width: 666px) 100vw, 666px\" \/><\/a><\/p>\n<p style=\"text-align: center;\">Mit unserem Partner simple-staging k\u00f6nnen wir Ihre Immobilie realit\u00e4tsgetreu darstellen:<\/p>\n<p><a href=\"http:\/\/www.schaeferimmo.com\/wp-content\/uploads\/2024\/02\/REnder-3_1-Schaefer-scaled.jpg\"><img loading=\"lazy\" decoding=\"async\" class=\"aligncenter wp-image-1644\" src=\"http:\/\/www.schaeferimmo.com\/wp-content\/uploads\/2024\/02\/REnder-3_1-Schaefer-1024x576.jpg\" alt=\"\" width=\"722\" height=\"406\" srcset=\"https:\/\/www.schaeferimmo.com\/wp-content\/uploads\/2024\/02\/REnder-3_1-Schaefer-1024x576.jpg 1024w, https:\/\/www.schaeferimmo.com\/wp-content\/uploads\/2024\/02\/REnder-3_1-Schaefer-300x169.jpg 300w, https:\/\/www.schaeferimmo.com\/wp-content\/uploads\/2024\/02\/REnder-3_1-Schaefer-768x432.jpg 768w, https:\/\/www.schaeferimmo.com\/wp-content\/uploads\/2024\/02\/REnder-3_1-Schaefer-1536x864.jpg 1536w, https:\/\/www.schaeferimmo.com\/wp-content\/uploads\/2024\/02\/REnder-3_1-Schaefer-2048x1152.jpg 2048w\" sizes=\"auto, (max-width: 722px) 100vw, 722px\" \/><\/a><\/p>\n<p style=\"text-align: center;\">Hier abgebildet das EG einer 387m\u00b2 Villa &#8211; Neubau 2024 in Kremmen &#8211; Kaufpreis 1.800.000\u20ac<\/p>\n<p><a href=\"http:\/\/www.schaeferimmo.com\/wp-content\/uploads\/2024\/03\/EG-oben-Schaefer2-scaled.jpg\"><img loading=\"lazy\" decoding=\"async\" class=\"aligncenter wp-image-1658\" src=\"http:\/\/www.schaeferimmo.com\/wp-content\/uploads\/2024\/03\/EG-oben-Schaefer2-1024x540.jpg\" alt=\"\" width=\"722\" height=\"380\" srcset=\"https:\/\/www.schaeferimmo.com\/wp-content\/uploads\/2024\/03\/EG-oben-Schaefer2-1024x540.jpg 1024w, https:\/\/www.schaeferimmo.com\/wp-content\/uploads\/2024\/03\/EG-oben-Schaefer2-300x158.jpg 300w, https:\/\/www.schaeferimmo.com\/wp-content\/uploads\/2024\/03\/EG-oben-Schaefer2-768x405.jpg 768w, https:\/\/www.schaeferimmo.com\/wp-content\/uploads\/2024\/03\/EG-oben-Schaefer2-1536x809.jpg 1536w, https:\/\/www.schaeferimmo.com\/wp-content\/uploads\/2024\/03\/EG-oben-Schaefer2-2048x1079.jpg 2048w\" sizes=\"auto, (max-width: 722px) 100vw, 722px\" \/><\/a><\/p>\n<p style=\"text-align: center;\">Objekt des Monats:\u00a0 Herrschaftliche Luxusvilla mit direktem Wasserzugang<\/p>\n<p><img loading=\"lazy\" decoding=\"async\" class=\"aligncenter\" title=\"Toransicht\" src=\"..\/wp-content\/uploads\/2010\/09\/Toransicht.jpg\" alt=\"\" width=\"712\" height=\"351\" \/><\/p>\n<p style=\"text-align: center;\">3.260.000,00 EUR + 3,57% Provision inkl. 19% gesetzl. MwSt.\u00a0 f\u00fcr den K\u00e4ufer<\/p>\n<p style=\"text-align: center;\"><img loading=\"lazy\" decoding=\"async\" class=\"aligncenter\" title=\"Dachterasse\" src=\"..\/wp-content\/uploads\/2010\/09\/Dachterasse.jpg\" alt=\"\" width=\"718\" height=\"158\" \/><\/p>\n<p style=\"text-align: center;\">park\u00e4hnliches Grundst\u00fcck mit 9 m Bootssteg f\u00fcr Ihre Jacht\u00a0 am glasklaren Glindower See mit Zugang zur Ostsee<\/p>\n<p style=\"text-align: center;\">9 Zimmer , 600 qm Wohnfl\u00e4che und 3500 qm Grundst\u00fcck , Doppelgarage u. Indoorpool ,\u00a0 Bj.2001<\/p>\n<p style=\"text-align: center;\">_____________________________________________________________________________________________<\/p>\n<p style=\"text-align: center;\">Unser Topangebot f\u00fcr Kapitalanleger und Eigennutzer mit Geschmack :<\/p>\n<p style=\"text-align: center;\"><img loading=\"lazy\" decoding=\"async\" class=\"aligncenter wp-image-1530\" title=\"Planung\" src=\"http:\/\/www.schaeferimmo.com\/wp-content\/uploads\/2011\/01\/Fotolia_13282694.png\" alt=\"\" width=\"722\" height=\"483\" srcset=\"https:\/\/www.schaeferimmo.com\/wp-content\/uploads\/2011\/01\/Fotolia_13282694.png 847w, https:\/\/www.schaeferimmo.com\/wp-content\/uploads\/2011\/01\/Fotolia_13282694-300x201.png 300w, https:\/\/www.schaeferimmo.com\/wp-content\/uploads\/2011\/01\/Fotolia_13282694-768x514.png 768w\" sizes=\"auto, (max-width: 722px) 100vw, 722px\" \/><\/p>\n<p style=\"text-align: center;\">Wir suchen Ihnen ein Grundst\u00fcck und planen mit Ihnen ihr Traumhaus!<\/p>\n<p style=\"text-align: center;\">Ihr Investment wird mit diesem sch\u00f6nen Haus hinterlegt. Weitere Informationen \u00a0im pers\u00f6nlichen Gespr\u00e4ch<\/p>\n<p style=\"text-align: center;\">____________________________________________________________________________________<\/p>\n<h1 style=\"text-align: center;\">Schaefer Immobilien<\/h1>\n<p style=\"text-align: center;\"><span style=\"text-decoration: underline;\">Unser Prinzip<\/span> : Wir k\u00f6nnen sehr viel. Aber nicht alles. Deshalb steht unserem Team ein professionelles Netzwerk aus allen Bereichen der Immobilienwirtschaft zur Seite \u2013 Dies ist dynamisches Immobilienmanagement Beim Kauf einer Immobilie ist nicht die Relation der Miete zur Investition der allein entscheidende Faktor. Lage, Alter, Zustand, Funktionalit\u00e4t, Mietvertr\u00e4ge, Betriebs- und Unterhaltungskosten sowie alternative Nutzungs- und Raumkonzepte sind die ausschlaggebenden Kriterien f\u00fcr eine Investition. Wir beraten und unterst\u00fctzen Sie dabei individuell und professionell. Wir gleichen Ihre Bed\u00fcrfnisse und die potenzieller Mieter ab und kalkulieren zu erwartende Ertr\u00e4ge. Selbstverst\u00e4ndlich erarbeiten versierte Fachleute auf Wunsch eine detaillierte Expertise. Das gibt Ihnen die n\u00f6tige Sicherheit, die Sie f\u00fcr eine rentable Investition brauchen.<br \/>\n______________________________________________________________________________________________<\/p>\n<h1 style=\"text-align: center;\">&#8222;Alle Menschen sind klug \u2013 die einen vorher, die anderen nachher.&#8220;<\/h1>\n<p style=\"text-align: center;\">Dieses Zitat von Voltaire trifft insbesondere beim Immobilienvertrieb zu. Damit Sie hinterher nicht sagen m\u00fcssen &#8222;wenn ich das mal vorher gewusst h\u00e4tte&#8220; bieten wir Ihnen unsere Erfahrung und unser Wissen an. Hier ist Immobilienkompetenz zu Hause. Wir sind unabh\u00e4ngige Vermittler zwischen den Beteiligten des Marktes und stehen Ihnen bei allen Fragen zur Seite. Entgegen des allgemeinen Trends h\u00f6rt unser Service nicht mit Abschluss eines Kauf- oder Mietvertrages auf, sondern wir stehen Ihnen auch danach jederzeit zur Verf\u00fcgung.<\/p>\n<h2 style=\"text-align: center;\">Leistungen f\u00fcr den K\u00e4ufer<\/h2>\n<p style=\"text-align: center;\">Wir bieten Ihnen eine gro\u00dfe Auswahl an Objekten. Viele dieser Objekte werden sie aber nicht im Internet finden.\u00a0Diese stellen wir Ihnen bei\u00a0einer pers\u00f6nlichen Beratung jedoch gerne vor. Wir f\u00fchren f\u00fcr Sie die Verhandlungen mit dem Verk\u00e4ufer bis hin zur notariellen Beurkundung Ihres Kaufs. Auch nach Abwicklung des eigentlichen Gesch\u00e4ftes stehen wir f\u00fcr Sie bei weiteren Fragen gerne zur Verf\u00fcgung. Was d\u00fcrfen wir f\u00fcr Sie tun?<\/p>\n<p style=\"text-align: center;\">Sie wollen kaufen oder verkaufen? Wir sind der richtige Partner daf\u00fcr.\u00a0Wir freuen uns auf Ihre Anfrage.<\/p>\n<p style=\"text-align: center;\"><img loading=\"lazy\" decoding=\"async\" class=\"aligncenter size-full wp-image-1021\" title=\"Unsere Leistungen f\u00fcr Sie\" src=\"http:\/\/www.schaeferimmo.com\/wp-content\/uploads\/2011\/01\/Verkauf-3.png\" alt=\"\" width=\"741\" height=\"325\" srcset=\"https:\/\/www.schaeferimmo.com\/wp-content\/uploads\/2011\/01\/Verkauf-3.png 832w, https:\/\/www.schaeferimmo.com\/wp-content\/uploads\/2011\/01\/Verkauf-3-300x131.png 300w\" sizes=\"auto, (max-width: 741px) 100vw, 741px\" \/><\/p>\n<p style=\"text-align: center;\">Diesen Ausblick k\u00f6nnen wir Ihnen leider nicht bieten, aber wir sind nah dran \ud83d\ude09<\/p>\n<p style=\"text-align: center;\"><img loading=\"lazy\" decoding=\"async\" class=\"aligncenter wp-image-103\" title=\"Ausblick\" src=\"http:\/\/www.schaeferimmo.com\/wp-content\/uploads\/2011\/01\/Ausblick.png\" alt=\"\" width=\"722\" height=\"462\" srcset=\"https:\/\/www.schaeferimmo.com\/wp-content\/uploads\/2011\/01\/Ausblick.png 503w, https:\/\/www.schaeferimmo.com\/wp-content\/uploads\/2011\/01\/Ausblick-300x192.png 300w\" sizes=\"auto, (max-width: 722px) 100vw, 722px\" \/><\/p>\n","protected":false},"excerpt":{"rendered":"<p>Benjamin Schaefer Schaefer Immobilien &#8211; bei mir ist Immobilienkompetenz zu Hause Unsere Mitarbeiter in der Zweigstelle in Berlin bei Kapitalanlagen24.Berlin k\u00fcmmern sich um Anleger und Privatverk\u00e4ufer. Hier sind Sie gut aufgehoben. &#8211; wir finden f\u00fcr Sie das beste Anlage\\Renditeobjekt &#8211; Mit unserem Partner simple-staging k\u00f6nnen wir Ihre Immobilie realit\u00e4tsgetreu darstellen: Hier abgebildet das EG einer [&hellip;]<\/p>\n","protected":false},"author":1,"featured_media":0,"parent":0,"menu_order":0,"comment_status":"closed","ping_status":"open","template":"","meta":{"footnotes":""},"class_list":["post-31","page","type-page","status-publish","hentry"],"_links":{"self":[{"href":"https:\/\/www.schaeferimmo.com\/index.php?rest_route=\/wp\/v2\/pages\/31","targetHints":{"allow":["GET"]}}],"collection":[{"href":"https:\/\/www.schaeferimmo.com\/index.php?rest_route=\/wp\/v2\/pages"}],"about":[{"href":"https:\/\/www.schaeferimmo.com\/index.php?rest_route=\/wp\/v2\/types\/page"}],"author":[{"embeddable":true,"href":"https:\/\/www.schaeferimmo.com\/index.php?rest_route=\/wp\/v2\/users\/1"}],"replies":[{"embeddable":true,"href":"https:\/\/www.schaeferimmo.com\/index.php?rest_route=%2Fwp%2Fv2%2Fcomments&post=31"}],"version-history":[{"count":129,"href":"https:\/\/www.schaeferimmo.com\/index.php?rest_route=\/wp\/v2\/pages\/31\/revisions"}],"predecessor-version":[{"id":1672,"href":"https:\/\/www.schaeferimmo.com\/index.php?rest_route=\/wp\/v2\/pages\/31\/revisions\/1672"}],"wp:attachment":[{"href":"https:\/\/www.schaeferimmo.com\/index.php?rest_route=%2Fwp%2Fv2%2Fmedia&parent=31"}],"curies":[{"name":"wp","href":"https:\/\/api.w.org\/{rel}","templated":true}]}}