{"id":8,"date":"2010-09-05T06:14:39","date_gmt":"2010-09-05T06:14:39","guid":{"rendered":"http:\/\/www.schaefer-immobilien-berlin.de\/Neu\/?page_id=8"},"modified":"2024-03-30T14:50:32","modified_gmt":"2024-03-30T12:50:32","slug":"unsere-finanzierungs-partner","status":"publish","type":"page","link":"https:\/\/www.schaeferimmo.com\/?page_id=8","title":{"rendered":"Finanzierung"},"content":{"rendered":"<p style=\"text-align: center;\">Unsere individuell zugeschnittene Finanzierung : Bei Bedarf vermitteln wir ma\u00dfgeschneiderte Finanzierungen. Unsere bankenunabh\u00e4ngigen Experten erarbeiten gemeinsam mit dem Kunden individuelle Konzepte, die durch spezielle Konditionen den Erwerb der betreffenden Immobilie noch attraktiver machen. In Einzelf\u00e4llen ist dadurch auch ein h\u00f6herer Verkaufspreis erzielbar bzw. der Verkauf \u00fcberhaupt erst m\u00f6glich. Bei K\u00e4ufern, die durch ihre eigene Bank keine Finanzierung erhalten, sorgen wir mit unserem Service daf\u00fcr, dass sie Ihre Immobilie trotzdem kaufen und sicher finanzieren k\u00f6nnen. Au\u00dferdem gew\u00e4hrleisten unsere Berater, dass ernsthaften Kaufinteressenten bei einer Kl\u00e4rung der Kaufpreisfinanzierung nicht \u201ezuf\u00e4llig\u201c durch einen Bankberater eine vermeintlich \u201ebessere Alternative\u201c angeboten wird.<\/p>\n<p style=\"text-align: center;\"><img loading=\"lazy\" decoding=\"async\" class=\"aligncenter wp-image-1464\" src=\"http:\/\/www.schaeferimmo.com\/wp-content\/uploads\/2011\/02\/Fotolia_99373553_S.jpg\" alt=\"Traum vom Eigenheim\" width=\"745\" height=\"463\" srcset=\"https:\/\/www.schaeferimmo.com\/wp-content\/uploads\/2011\/02\/Fotolia_99373553_S.jpg 879w, https:\/\/www.schaeferimmo.com\/wp-content\/uploads\/2011\/02\/Fotolia_99373553_S-300x186.jpg 300w, https:\/\/www.schaeferimmo.com\/wp-content\/uploads\/2011\/02\/Fotolia_99373553_S-768x477.jpg 768w\" sizes=\"auto, (max-width: 745px) 100vw, 745px\" \/><\/p>\n<p style=\"text-align: center;\">Aktive Mitwirkung bei Vertragsgestaltung &amp; -abwicklung: Unsere Kunden sch\u00e4tzen besonders unsere intensive Betreuung. Wir besprechen ausf\u00fchrlich die Vertragsdetails und organisieren den Notartermin. Nach Abschluss des Vertrages begleiten wir K\u00e4ufer und Verk\u00e4ufer bei der finanziellen und organisatorischen Abwicklung. Wenn Probleme auftauchen, vermitteln wir gerne.<\/p>\n<p style=\"text-align: center;\"><strong>Guter Rat ist kostenlos. <\/strong><\/p>\n<p style=\"text-align: center;\"><strong>Kompetent, unabh\u00e4ngig, individuell.<\/strong><\/p>\n<p style=\"text-align: center;\"><strong> Wir arbeiten mit unserem langj\u00e4hrigen Finanzierungsspezialisten\u00a0J\u00f6rg\u00a0Kintzel zusammen. <\/strong><\/p>\n<p style=\"text-align: center;\"><strong><strong><a href=\"http:\/\/www.schaeferimmo.com\/wp-content\/uploads\/2010\/09\/fa2.jpg\"><img loading=\"lazy\" decoding=\"async\" class=\"aligncenter size-full wp-image-1090\" title=\"fa2\" src=\"http:\/\/www.schaeferimmo.com\/wp-content\/uploads\/2010\/09\/fa2.jpg\" alt=\"\" width=\"300\" height=\"229\" \/><\/a><br \/>\n<\/strong><\/strong><\/p>\n<p style=\"text-align: center;\">Baufinanzierungen u. v. m.\u00a0 J\u00f6rg Kintzel<br \/>\nAdresse:\u00a0 August Bebel Stra\u00dfe 78 \u00a0\u2022 15827 Blankenfelde<br \/>\nTel. &amp; Fax : 0 33 79\/32 04 59 \u00a0\u2022\u00a0 Mobil.: 01 77\/5 75 42 37<\/p>\n<p style=\"text-align: center;\">Internet\u00a0 <a href=\"http:\/\/www.hypofact.de\/berlin\/berlin-blankenfelde\/baufinanzierung.html\" target=\"_blank\" rel=\"noopener noreferrer\">http:\/\/www.hypofact.de\/berlin\/berlin-blankenfelde\/baufinanzierung.html<\/a><\/p>\n<p style=\"text-align: center;\">Mail:\u00a0<a href=\"mailto:blankenfelde@hypofact.de\">blankenfelde@hypofact.de <\/a>\u00a0 \u00a0oder \u00a0 \u00a0\u00a0<a href=\"mailto:Kintzel@gmx.de\">Kintzel@gmx.de<\/a><\/p>\n<p style=\"text-align: center;\">Wer zu seiner Hausbank geht, um ein Immobiliendarlehen aufzunehmen, erh\u00e4lt meist nur Standardprodukte, hohe Zinsen und vielleicht sogar eine Ablehnung.<br \/>\nJ\u00f6rg Kintzel und seine Partner k\u00f6nnen ganz anders mit den Banken verhandeln und haben fast den gesamten deutschen Bankenmarkt im \u00dcberblick. Sie bieten somit die M\u00f6glichkeit, aus einer Vielzahl von Kreditinstituten individuell die optimale Finanzierung auszuw\u00e4hlen.<\/p>\n<p style=\"text-align: center;\">Neben Baudarlehen und Anschlussfinanzierungen bis 60 Monate vor Ende der Zinsbindung k\u00f6nnen, zum Beispiel f\u00fcr private Anschaffungen, Ratenkredite mit Effektivzinsen von unter sieben Prozent und mit Laufzeiten bis zu 84 Monaten angeboten werden. Der gelernte Bankkaufmann und Bankfachwirt J\u00f6rg Kintzel kooperiert zudem mit \u201eHypofact\u201c und bietet damit neben der wichtigen Unabh\u00e4ngigkeit die Vorteile einer starken Marke und Gemeinschaft.<\/p>\n<h3 style=\"text-align: center;\">Regionalb\u00fcro Blankenfelde<\/h3>\n<p style=\"text-align: center;\"><b>Inhaber:<br \/>\nJ\u00f6rg Kintzel<\/b><\/p>\n<p>\u00a0 \u00a0 \u00a0 \u00a0 \u00a0 \u00a0 \u00a0 \u00a0 \u00a0 \u00a0 \u00a0 \u00a0 \u00a0 \u00a0 \u00a0 \u00a0 \u00a0 \u00a0 \u00a0 \u00a0 \u00a0 \u00a0 \u00a0 \u00a0 \u00a0 \u00a0 \u00a0 \u00a0 \u00a0 \u00a0 \u00a0 \u00a0 \u00a0 \u00a0 \u00a0 \u00a0 \u00a0 \u00a0 \u00a0 \u00a0 \u00a0 \u00a0 \u00a0 \u00a0 \u00a0 \u00a0 \u00a0 \u00a0 \u00a0 \u00a0 \u00a0 \u00a0 \u00a0 \u00a0 \u00a0 \u00a0 \u00a0 \u00a0 \u00a0 \u00a0 \u00a0 \u00a0 \u00a0 \u00a0 \u00a0 \u00a0 \u00a0 \u00a0 \u00a0 \u00a0 \u00a0 \u00a0 \u00a0 \u00a0 \u00a0 \u00a0 \u00a0 \u00a0 \u00a0 \u00a0 \u00a0 \u00a0 \u00a0 \u00a0 \u00a0 \u00a0 \u00a0 \u00a0 \u00a0 \u00a0 \u00a0 \u00a0 \u00a0 \u00a0 \u00a0 \u00a0 \u00a0 August-Bebel-Stra\u00dfe 78<br \/>\n15827 Blankenfelde<\/p>\n<p style=\"text-align: center;\"><b><span class=\"important\">Tel.: 033 79 \/ 320 459<br \/>\n<\/span>Fax: 033 79 \/ 320 459<br \/>\nMobil: 0177 \/ 57 54 237<br \/>\nMail: <a>blankenfelde@hypofact.de<\/a><\/b><\/p>\n<p style=\"text-align: center;\"><strong>\u00a0<\/strong><\/p>\n<table class=\"aligncenter\" dir=\"ltr\" border=\"1\" width=\"453\" cellspacing=\"1\">\n<tbody>\n<tr>\n<td valign=\"middle\" bgcolor=\"#ffffff\" height=\"0\">\n<h4 style=\"text-align: left;\">Ihre Vorteile auf einen Blick :<br \/>\nIndividuelle kostenlose Beratung, auch bei Ihnen zu Haus<br \/>\nFinanzierung bis 80% der Gesamtkosten,<br \/>\nDarlehensentscheidung innerhalb von 48 Std m\u00f6glich.<br \/>\nF\u00fcr Sie keine Wege zur Bank,<br \/>\nBetreuung bis \u00fcber den Einzug hinaus!<br \/>\nWir haben die top Finanzierungsberater im Haus.<br \/>\n&#8222;Ein Angebot schadet nur dem, der es nicht annimmt&#8220;<br \/>\nAm Kapitalmarkt Immer auf der Suche nach den besten Zinskonditionen!<\/h4>\n<\/td>\n<\/tr>\n<\/tbody>\n<\/table>\n<p style=\"text-align: center;\">Eine Immobilie zu erwerben, egal ob f\u00fcr die Eigennutzung oder als Kapitalanlage, ist eine sichere Investition in die Zukunft. Eigennutzer sparen Mietausgaben, schaffen sich eine zus\u00e4tzliche private Altersvorsorge und profitieren von der kontinuierlichen Wertsteigerung. Die richtige Strategie bei der Finanzierung spart erhebliche Kosten und macht oft den Kauf einer Immobilie erst m\u00f6glich.<\/p>\n<p style=\"text-align: center;\">Lassen Sie sich unabh\u00e4ngig beraten, damit Sie m\u00f6glichst clever Geld sparen.<\/p>\n<p style=\"text-align: center;\">Schaefer Immobilien<\/p>\n<p style=\"text-align: center;\">Sie wollen eine kompetente, schnelle L\u00f6sung f\u00fcr Ihren Finanzierungsbedarf? Schaefer\u00a0Immobilien \u2013 Ihr Partner f\u00fcr die unabh\u00e4ngige Immobilienfinanzierung.<\/p>\n<p style=\"text-align: center;\"><img loading=\"lazy\" decoding=\"async\" class=\"size-full wp-image-492 aligncenter\" title=\"miete\" src=\"http:\/\/www.schaeferimmo.com\/wp-content\/uploads\/2010\/09\/miete.jpg\" alt=\"\" width=\"402\" height=\"222\" srcset=\"https:\/\/www.schaeferimmo.com\/wp-content\/uploads\/2010\/09\/miete.jpg 402w, https:\/\/www.schaeferimmo.com\/wp-content\/uploads\/2010\/09\/miete-300x165.jpg 300w\" sizes=\"auto, (max-width: 402px) 100vw, 402px\" \/><br \/>\nDie Schaefer Immobilien Finanzierung agiert bankenunabh\u00e4ngig und kann sich so aus dem Gesamtangebot des Finanzmarktes die g\u00fcnstigsten Angebote aussuchen.<\/p>\n<p style=\"text-align: center;\">Nutzen Sie unseren kostenlosen Service f\u00fcr Ihre Immobilienfinanzierung.<\/p>\n<p style=\"text-align: center;\">Wir k\u00f6nnen Ihnen sagen,<br \/>\n* welche Finanzierungsform f\u00fcr Sie die bestm\u00f6gliche ist,<br \/>\n* welche Finanzierungsmittel und Tilgungsm\u00f6glichkeiten Kosten sparen helfen und<br \/>\n* welcher Anbieter die TOP-Konditionen hat.<br \/>\nAlles im Blick \u2013 alles aus einer Hand<\/p>\n<p style=\"text-align: center;\">Unabh\u00e4ngig davon, ob Sie sich eine Immobilie kaufen, bauen oder modernisieren wollen, Sie gehen dabei eine langfristige Investitionsentscheidung ein.<\/p>\n<p style=\"text-align: center;\">Die Finanzierung einer Immobilie ist komplex und erfordert daher eine individuelle Planung.<\/p>\n<p style=\"text-align: center;\">Deshalb kommt es darauf an, in allen Phasen einen Partner zur Seite zu haben, auf dessen Beratung man vertrauen kann. Nur dann ist gew\u00e4hrleistet, dass Sie sich auch in Zukunft sorgenfrei am eigenen Zuhause erfreuen k\u00f6nnen. Ber\u00fccksichtigt werden bei dem anstehenden Finanzierungsbedarf bereits vorhandenes Eigenkapital, bestehende Bausparvertr\u00e4ge, \u00f6ffentliche Darlehen beziehungsweise F\u00f6rderprogramme, Arbeitgeberdarlehen sowie die aktuellen Konditionen am Kapitalmarkt.<\/p>\n<p style=\"text-align: center;\">Nach Pr\u00fcfung der individuellen Voraussetzungen erstellen wir Ihnen ein auf Ihre Bed\u00fcrfnisse und W\u00fcnsche zugeschnittenes Finanzierungskonzept. Wir ermitteln aus einem Pool von mehr als 50 Anbietern f\u00fcr Sie das Angebot mit den besten Konditionen. Selbstverst\u00e4ndlich \u00fcbernehmen wir auch die Abwicklung aller Formalit\u00e4ten.<\/p>\n<p style=\"text-align: center;\"><img loading=\"lazy\" decoding=\"async\" class=\"aligncenter size-full wp-image-494\" title=\"vort\" src=\"http:\/\/www.schaeferimmo.com\/wp-content\/uploads\/2010\/09\/vort.jpg\" alt=\"\" width=\"402\" height=\"316\" srcset=\"https:\/\/www.schaeferimmo.com\/wp-content\/uploads\/2010\/09\/vort.jpg 402w, https:\/\/www.schaeferimmo.com\/wp-content\/uploads\/2010\/09\/vort-300x235.jpg 300w\" sizes=\"auto, (max-width: 402px) 100vw, 402px\" \/><\/p>\n","protected":false},"excerpt":{"rendered":"<p>Unsere individuell zugeschnittene Finanzierung : Bei Bedarf vermitteln wir ma\u00dfgeschneiderte Finanzierungen. Unsere bankenunabh\u00e4ngigen Experten erarbeiten gemeinsam mit dem Kunden individuelle Konzepte, die durch spezielle Konditionen den Erwerb der betreffenden Immobilie noch attraktiver machen. In Einzelf\u00e4llen ist dadurch auch ein h\u00f6herer Verkaufspreis erzielbar bzw. der Verkauf \u00fcberhaupt erst m\u00f6glich. Bei K\u00e4ufern, die durch ihre eigene Bank [&hellip;]<\/p>\n","protected":false},"author":1,"featured_media":0,"parent":0,"menu_order":0,"comment_status":"closed","ping_status":"open","template":"","meta":{"footnotes":""},"class_list":["post-8","page","type-page","status-publish","hentry"],"_links":{"self":[{"href":"https:\/\/www.schaeferimmo.com\/index.php?rest_route=\/wp\/v2\/pages\/8","targetHints":{"allow":["GET"]}}],"collection":[{"href":"https:\/\/www.schaeferimmo.com\/index.php?rest_route=\/wp\/v2\/pages"}],"about":[{"href":"https:\/\/www.schaeferimmo.com\/index.php?rest_route=\/wp\/v2\/types\/page"}],"author":[{"embeddable":true,"href":"https:\/\/www.schaeferimmo.com\/index.php?rest_route=\/wp\/v2\/users\/1"}],"replies":[{"embeddable":true,"href":"https:\/\/www.schaeferimmo.com\/index.php?rest_route=%2Fwp%2Fv2%2Fcomments&post=8"}],"version-history":[{"count":53,"href":"https:\/\/www.schaeferimmo.com\/index.php?rest_route=\/wp\/v2\/pages\/8\/revisions"}],"predecessor-version":[{"id":1673,"href":"https:\/\/www.schaeferimmo.com\/index.php?rest_route=\/wp\/v2\/pages\/8\/revisions\/1673"}],"wp:attachment":[{"href":"https:\/\/www.schaeferimmo.com\/index.php?rest_route=%2Fwp%2Fv2%2Fmedia&parent=8"}],"curies":[{"name":"wp","href":"https:\/\/api.w.org\/{rel}","templated":true}]}}